{"id":2463,"date":"2020-02-10T11:40:14","date_gmt":"2020-02-10T10:40:14","guid":{"rendered":"http:\/\/www.migsrl.it\/contatti\/"},"modified":"2020-03-25T15:11:37","modified_gmt":"2020-03-25T14:11:37","slug":"contactos","status":"publish","type":"page","link":"https:\/\/www.migsrl.it\/es\/contactos\/","title":{"rendered":"Contactos"},"content":{"rendered":"\n<div class=\"wpcf7 no-js\" id=\"wpcf7-f2465-o1\" lang=\"it-IT\" dir=\"ltr\" data-wpcf7-id=\"2465\">\n<div class=\"screen-reader-response\"><p role=\"status\" aria-live=\"polite\" aria-atomic=\"true\"><\/p> <ul><\/ul><\/div>\n<form action=\"\/es\/wp-json\/wp\/v2\/pages\/2463#wpcf7-f2465-o1\" method=\"post\" class=\"wpcf7-form init\" aria-label=\"Modulo di contatto\" novalidate=\"novalidate\" data-status=\"init\">\n<fieldset class=\"hidden-fields-container\"><input type=\"hidden\" name=\"_wpcf7\" value=\"2465\" \/><input type=\"hidden\" name=\"_wpcf7_version\" value=\"6.1.1\" \/><input type=\"hidden\" name=\"_wpcf7_locale\" value=\"it_IT\" \/><input type=\"hidden\" name=\"_wpcf7_unit_tag\" value=\"wpcf7-f2465-o1\" \/><input type=\"hidden\" name=\"_wpcf7_container_post\" value=\"0\" \/><input type=\"hidden\" name=\"_wpcf7_posted_data_hash\" value=\"\" \/><input type=\"hidden\" name=\"_wpcf7_recaptcha_response\" value=\"\" \/>\n<\/fieldset>\n<div class=\"row\">\n\t<div class=\"col-xs-12 col-md-6 \">\n\t\t<div class=\"form-group\">\n\t\t\t<p><span class=\"wpcf7-form-control-wrap\" data-name=\"nome\"><input size=\"40\" maxlength=\"400\" class=\"wpcf7-form-control wpcf7-text wpcf7-validates-as-required form-control\" aria-required=\"true\" aria-invalid=\"false\" placeholder=\"Nombre *\" value=\"\" type=\"text\" name=\"nome\" \/><\/span>\n\t\t\t<\/p>\n\t\t<\/div>\n\t<\/div>\n\t<div class=\"col-xs-12 col-md-6 \">\n\t\t<div class=\"form-group\">\n\t\t\t<p><span class=\"wpcf7-form-control-wrap\" data-name=\"cognome\"><input size=\"40\" maxlength=\"400\" class=\"wpcf7-form-control wpcf7-text wpcf7-validates-as-required form-control\" aria-required=\"true\" aria-invalid=\"false\" placeholder=\"Apellido *\" value=\"\" type=\"text\" name=\"cognome\" \/><\/span>\n\t\t\t<\/p>\n\t\t<\/div>\n\t<\/div>\n\t<div class=\"col-xs-12 col-md-6 \">\n\t\t<div class=\"form-group\">\n\t\t\t<p><span class=\"wpcf7-form-control-wrap\" data-name=\"telefono\"><input size=\"40\" maxlength=\"400\" class=\"wpcf7-form-control wpcf7-text wpcf7-validates-as-required form-control\" aria-required=\"true\" aria-invalid=\"false\" placeholder=\"Tel\u00e9fono *\" value=\"\" type=\"text\" name=\"telefono\" \/><\/span>\n\t\t\t<\/p>\n\t\t<\/div>\n\t<\/div>\n\t<div class=\"col-xs-12 col-md-6 \">\n\t\t<div class=\"form-group\">\n\t\t\t<p><span class=\"wpcf7-form-control-wrap\" data-name=\"email\"><input size=\"40\" maxlength=\"400\" class=\"wpcf7-form-control wpcf7-email wpcf7-validates-as-required wpcf7-text wpcf7-validates-as-email form-control\" aria-required=\"true\" aria-invalid=\"false\" placeholder=\"Email *\" value=\"\" type=\"email\" name=\"email\" \/><\/span>\n\t\t\t<\/p>\n\t\t<\/div>\n\t<\/div>\n\t<div class=\"col-xs-12 col-md-12 \">\n\t\t<div class=\"form-group\">\n\t\t\t<p><span class=\"wpcf7-form-control-wrap\" data-name=\"message\"><textarea cols=\"40\" rows=\"10\" maxlength=\"2000\" class=\"wpcf7-form-control wpcf7-textarea wpcf7-validates-as-required form-control\" id=\"contatti_textarea\" aria-required=\"true\" aria-invalid=\"false\" placeholder=\"Mensaje *\" name=\"message\"><\/textarea><\/span>\n\t\t\t<\/p>\n\t\t<\/div>\n\t<\/div>\n\t<div class=\"checkbox_container\">\n\t\t<p><span class=\"wpcf7-form-control-wrap\" data-name=\"trattamento-dati\"><span class=\"wpcf7-form-control wpcf7-acceptance\"><span class=\"wpcf7-list-item\"><label><input type=\"checkbox\" name=\"trattamento-dati\" value=\"1\" aria-invalid=\"false\" \/><span class=\"wpcf7-list-item-label\"><b>Informaci\u00f3n sobre tratamiento de datos (<a href=\"https:\/\/www.iubenda.com\/privacy-policy\/54511567\/legal\" target=\"_blank\">Pol\u00edtica de privacidad<\/a> y <a href=\"https:\/\/www.iubenda.com\/privacy-policy\/54511567\/cookie-policy\" target=\"_blank\">Pol\u00edtica de cookies<\/a>)<\/b><br>\nEn relaci\u00f3n con la informaci\u00f3n, expreso mi consentimiento para el tratamiento de mis datos personales \u00fanicamente con fines relacionados con la gesti\u00f3n de las actividades para las que se ha autorizado su emisi\u00f3n. Responsable del tratamiento: <b>MIG S.r.l.<\/b><\/span><\/label><\/span><\/span><\/span>\n\t\t<\/p>\n\t<\/div>\n\t<div class=\"spacer_s\">\n\t<\/div>\n\t<div class=\"checkbox_container\">\n\t\t<p><span class=\"wpcf7-form-control-wrap\" data-name=\"iscrizione-newsletter\"><span class=\"wpcf7-form-control wpcf7-acceptance optional\"><span class=\"wpcf7-list-item\"><label><input type=\"checkbox\" name=\"iscrizione-newsletter\" value=\"1\" aria-invalid=\"false\" \/><span class=\"wpcf7-list-item-label\"><b>Suscribirse al Newsletter<\/b><br>\nAcepto la <a href=\"https:\/\/www.iubenda.com\/privacy-policy\/54511567\/legal\" target=\"_blank\">pol\u00edtica de privacidad<\/a> y declaro que deseo seguir adelante con la suscripci\u00f3n al servicio de Newsletter.<br><br>\nSi ya se ha puesto en contacto con nosotros y desea retirar su consentimiento para el tratamiento de sus datos personales, escriba a <a href=\"mailto:mig@migsrl.it\">mig@migsrl.it<\/a>. Procederemos a la revocaci\u00f3n lo antes posible.<\/span><\/label><\/span><\/span><\/span>\n\t\t<\/p>\n\t<\/div>\n\t<div class=\"invia_button\">\n\t\t<p><input class=\"wpcf7-form-control wpcf7-submit has-spinner\" type=\"submit\" value=\"Enviar\" \/>\n\t\t<\/p>\n\t<\/div>\n<\/div><div class=\"wpcf7-response-output\" aria-hidden=\"true\"><\/div>\n<\/form>\n<\/div>\n\n","protected":false},"excerpt":{"rendered":"","protected":false},"author":1,"featured_media":2464,"parent":0,"menu_order":0,"comment_status":"closed","ping_status":"closed","template":"page_contatti.php","meta":{"footnotes":""},"class_list":["post-2463","page","type-page","status-publish","has-post-thumbnail","hentry"],"yoast_head":"<!-- This site is optimized with the Yoast SEO plugin v25.8 - https:\/\/yoast.com\/wordpress\/plugins\/seo\/ -->\n<title>Contactos - Mig S.r.l.<\/title>\n<meta name=\"description\" content=\"Richiedi subito una presentazione presso la tua sede, cos\u00ec da provare direttamente le potenzialit\u00e0 del metodo.\" \/>\n<meta name=\"robots\" content=\"index, follow, max-snippet:-1, max-image-preview:large, max-video-preview:-1\" \/>\n<link rel=\"canonical\" href=\"https:\/\/www.migsrl.it\/es\/contactos\/\" \/>\n<meta property=\"og:locale\" content=\"es_ES\" \/>\n<meta property=\"og:type\" content=\"article\" \/>\n<meta property=\"og:title\" content=\"Contactos - Mig S.r.l.\" \/>\n<meta property=\"og:description\" content=\"Richiedi subito una presentazione presso la tua sede, cos\u00ec da provare direttamente le potenzialit\u00e0 del metodo.\" \/>\n<meta property=\"og:url\" content=\"https:\/\/www.migsrl.it\/es\/contactos\/\" \/>\n<meta property=\"og:site_name\" content=\"Mig S.r.l.\" \/>\n<meta property=\"article:modified_time\" content=\"2020-03-25T14:11:37+00:00\" \/>\n<meta property=\"og:image\" content=\"https:\/\/www.migsrl.it\/wp-content\/uploads\/2020\/02\/contatti.jpg\" \/>\n\t<meta property=\"og:image:width\" content=\"1600\" \/>\n\t<meta property=\"og:image:height\" content=\"793\" \/>\n\t<meta property=\"og:image:type\" content=\"image\/jpeg\" \/>\n<meta name=\"twitter:card\" content=\"summary_large_image\" \/>\n<script type=\"application\/ld+json\" class=\"yoast-schema-graph\">{\"@context\":\"https:\/\/schema.org\",\"@graph\":[{\"@type\":\"WebPage\",\"@id\":\"https:\/\/www.migsrl.it\/es\/contactos\/\",\"url\":\"https:\/\/www.migsrl.it\/es\/contactos\/\",\"name\":\"Contactos - Mig S.r.l.\",\"isPartOf\":{\"@id\":\"https:\/\/www.migsrl.it\/es\/#website\"},\"primaryImageOfPage\":{\"@id\":\"https:\/\/www.migsrl.it\/es\/contactos\/#primaryimage\"},\"image\":{\"@id\":\"https:\/\/www.migsrl.it\/es\/contactos\/#primaryimage\"},\"thumbnailUrl\":\"https:\/\/www.migsrl.it\/wp-content\/uploads\/2020\/02\/contatti.jpg\",\"datePublished\":\"2020-02-10T10:40:14+00:00\",\"dateModified\":\"2020-03-25T14:11:37+00:00\",\"description\":\"Richiedi subito una presentazione presso la tua sede, cos\u00ec da provare direttamente le potenzialit\u00e0 del metodo.\",\"breadcrumb\":{\"@id\":\"https:\/\/www.migsrl.it\/es\/contactos\/#breadcrumb\"},\"inLanguage\":\"es\",\"potentialAction\":[{\"@type\":\"ReadAction\",\"target\":[\"https:\/\/www.migsrl.it\/es\/contactos\/\"]}]},{\"@type\":\"ImageObject\",\"inLanguage\":\"es\",\"@id\":\"https:\/\/www.migsrl.it\/es\/contactos\/#primaryimage\",\"url\":\"https:\/\/www.migsrl.it\/wp-content\/uploads\/2020\/02\/contatti.jpg\",\"contentUrl\":\"https:\/\/www.migsrl.it\/wp-content\/uploads\/2020\/02\/contatti.jpg\",\"width\":1600,\"height\":793},{\"@type\":\"BreadcrumbList\",\"@id\":\"https:\/\/www.migsrl.it\/es\/contactos\/#breadcrumb\",\"itemListElement\":[{\"@type\":\"ListItem\",\"position\":1,\"name\":\"Home\",\"item\":\"https:\/\/www.migsrl.it\/es\/\"},{\"@type\":\"ListItem\",\"position\":2,\"name\":\"Contactos\"}]},{\"@type\":\"WebSite\",\"@id\":\"https:\/\/www.migsrl.it\/es\/#website\",\"url\":\"https:\/\/www.migsrl.it\/es\/\",\"name\":\"Becom | Agenzia di consulenza in marketing strategico e organizzazione d\u2019impresa\",\"description\":\"Tecnolog\u00eda, experiencia, innovaci\u00f3n, eficiencia y competencias al servicio de todos sus proyectos\",\"potentialAction\":[{\"@type\":\"SearchAction\",\"target\":{\"@type\":\"EntryPoint\",\"urlTemplate\":\"https:\/\/www.migsrl.it\/es\/?s={search_term_string}\"},\"query-input\":{\"@type\":\"PropertyValueSpecification\",\"valueRequired\":true,\"valueName\":\"search_term_string\"}}],\"inLanguage\":\"es\"}]}<\/script>\n<!-- \/ Yoast SEO plugin. -->","yoast_head_json":{"title":"Contactos - Mig S.r.l.","description":"Richiedi subito una presentazione presso la tua sede, cos\u00ec da provare direttamente le potenzialit\u00e0 del metodo.","robots":{"index":"index","follow":"follow","max-snippet":"max-snippet:-1","max-image-preview":"max-image-preview:large","max-video-preview":"max-video-preview:-1"},"canonical":"https:\/\/www.migsrl.it\/es\/contactos\/","og_locale":"es_ES","og_type":"article","og_title":"Contactos - Mig S.r.l.","og_description":"Richiedi subito una presentazione presso la tua sede, cos\u00ec da provare direttamente le potenzialit\u00e0 del metodo.","og_url":"https:\/\/www.migsrl.it\/es\/contactos\/","og_site_name":"Mig S.r.l.","article_modified_time":"2020-03-25T14:11:37+00:00","og_image":[{"width":1600,"height":793,"url":"https:\/\/www.migsrl.it\/wp-content\/uploads\/2020\/02\/contatti.jpg","type":"image\/jpeg"}],"twitter_card":"summary_large_image","schema":{"@context":"https:\/\/schema.org","@graph":[{"@type":"WebPage","@id":"https:\/\/www.migsrl.it\/es\/contactos\/","url":"https:\/\/www.migsrl.it\/es\/contactos\/","name":"Contactos - Mig S.r.l.","isPartOf":{"@id":"https:\/\/www.migsrl.it\/es\/#website"},"primaryImageOfPage":{"@id":"https:\/\/www.migsrl.it\/es\/contactos\/#primaryimage"},"image":{"@id":"https:\/\/www.migsrl.it\/es\/contactos\/#primaryimage"},"thumbnailUrl":"https:\/\/www.migsrl.it\/wp-content\/uploads\/2020\/02\/contatti.jpg","datePublished":"2020-02-10T10:40:14+00:00","dateModified":"2020-03-25T14:11:37+00:00","description":"Richiedi subito una presentazione presso la tua sede, cos\u00ec da provare direttamente le potenzialit\u00e0 del metodo.","breadcrumb":{"@id":"https:\/\/www.migsrl.it\/es\/contactos\/#breadcrumb"},"inLanguage":"es","potentialAction":[{"@type":"ReadAction","target":["https:\/\/www.migsrl.it\/es\/contactos\/"]}]},{"@type":"ImageObject","inLanguage":"es","@id":"https:\/\/www.migsrl.it\/es\/contactos\/#primaryimage","url":"https:\/\/www.migsrl.it\/wp-content\/uploads\/2020\/02\/contatti.jpg","contentUrl":"https:\/\/www.migsrl.it\/wp-content\/uploads\/2020\/02\/contatti.jpg","width":1600,"height":793},{"@type":"BreadcrumbList","@id":"https:\/\/www.migsrl.it\/es\/contactos\/#breadcrumb","itemListElement":[{"@type":"ListItem","position":1,"name":"Home","item":"https:\/\/www.migsrl.it\/es\/"},{"@type":"ListItem","position":2,"name":"Contactos"}]},{"@type":"WebSite","@id":"https:\/\/www.migsrl.it\/es\/#website","url":"https:\/\/www.migsrl.it\/es\/","name":"Becom | Agenzia di consulenza in marketing strategico e organizzazione d\u2019impresa","description":"Tecnolog\u00eda, experiencia, innovaci\u00f3n, eficiencia y competencias al servicio de todos sus proyectos","potentialAction":[{"@type":"SearchAction","target":{"@type":"EntryPoint","urlTemplate":"https:\/\/www.migsrl.it\/es\/?s={search_term_string}"},"query-input":{"@type":"PropertyValueSpecification","valueRequired":true,"valueName":"search_term_string"}}],"inLanguage":"es"}]}},"_links":{"self":[{"href":"https:\/\/www.migsrl.it\/es\/wp-json\/wp\/v2\/pages\/2463","targetHints":{"allow":["GET"]}}],"collection":[{"href":"https:\/\/www.migsrl.it\/es\/wp-json\/wp\/v2\/pages"}],"about":[{"href":"https:\/\/www.migsrl.it\/es\/wp-json\/wp\/v2\/types\/page"}],"author":[{"embeddable":true,"href":"https:\/\/www.migsrl.it\/es\/wp-json\/wp\/v2\/users\/1"}],"replies":[{"embeddable":true,"href":"https:\/\/www.migsrl.it\/es\/wp-json\/wp\/v2\/comments?post=2463"}],"version-history":[{"count":3,"href":"https:\/\/www.migsrl.it\/es\/wp-json\/wp\/v2\/pages\/2463\/revisions"}],"predecessor-version":[{"id":2774,"href":"https:\/\/www.migsrl.it\/es\/wp-json\/wp\/v2\/pages\/2463\/revisions\/2774"}],"wp:featuredmedia":[{"embeddable":true,"href":"https:\/\/www.migsrl.it\/es\/wp-json\/wp\/v2\/media\/2464"}],"wp:attachment":[{"href":"https:\/\/www.migsrl.it\/es\/wp-json\/wp\/v2\/media?parent=2463"}],"curies":[{"name":"wp","href":"https:\/\/api.w.org\/{rel}","templated":true}]}}