{"id":2475,"date":"2020-03-09T15:09:19","date_gmt":"2020-03-09T14:09:19","guid":{"rendered":"http:\/\/www.migsrl.it\/registrazione-utenti\/"},"modified":"2021-02-01T14:55:39","modified_gmt":"2021-02-01T13:55:39","slug":"registro-de-usuarios","status":"publish","type":"page","link":"https:\/\/www.migsrl.it\/es\/registro-de-usuarios\/","title":{"rendered":"Registro de usuarios"},"content":{"rendered":"\t<div class='user-registration ur-frontend-form  ' id='user-registration-form-2474'>\r\n\t\t<form method='post' class='register'\r\n\t\t\t  data-enable-strength-password=\"1\" data-minimum-password-strength=\"2\" >\r\n\r\n\t\t\t\t\t\t\t\t\t<div class='ur-form-row'>\r\n\t\t\t\t\t\t\t\t\t\t\t\t\t\t\t\t<div class=\"ur-form-grid ur-grid-1\"\r\n\t\t\t\t\t\t\t\t\t\t\t style=\"width:48%\">\r\n\t\t\t\t\t\t\t\t\t\t\t\t\t\t\t\t\t\t\t\t\t\t\t\t<div class=\"ur-field-item field-user_login\">\r\n\t\t\t\t\t\t\t\t\t\t\t\t\t<div class=\"form-row validate-required\" id=\"user_login_field\" data-priority=\"\" ><label for=\"user_login\" class=\"ur-label\">Nombre de usuario <abbr class=\"required\" title=\"required\">*<\/abbr><\/label> <span class=\"input-wrapper\"> <input  data-rules=\"\" data-id=\"user_login\" type=\"text\" class=\"input-text   input-text ur-frontend-field  \" name=\"user_login\" id=\"user_login\" placeholder=\"\"  value=\"\" required=\"required\" data-label=\"Nombre de usuario\" \/> <\/span> <\/div>\t\t\t\t\t\t\t\t\t\t\t\t\t\t\t<\/div>\r\n\t\t\t\t\t\t\t\t\t\t\t\t\t\t\t\t\t\t\t\t\t\t\t<\/div>\r\n\t\t\t\t\t\t\t\t\t\t\t\t\t\t\t\t\t\t\t<div class=\"ur-form-grid ur-grid-2\"\r\n\t\t\t\t\t\t\t\t\t\t\t style=\"width:48%\">\r\n\t\t\t\t\t\t\t\t\t\t\t\t\t\t\t\t\t\t\t\t\t\t\t\t<div class=\"ur-field-item field-user_email\">\r\n\t\t\t\t\t\t\t\t\t\t\t\t\t<div class=\"form-row validate-required\" id=\"user_email_field\" data-priority=\"\" ><label for=\"user_email\" class=\"ur-label\">Direcci\u00f3n de correo electr\u00f3nico <abbr class=\"required\" title=\"required\">*<\/abbr><\/label> <span class=\"input-wrapper\"> <input  data-rules=\"\" data-id=\"user_email\" type=\"email\" class=\"input-text   input-email ur-frontend-field  \" name=\"user_email\" id=\"user_email\" placeholder=\"\"  value=\"\" required=\"required\" data-label=\"Direcci\u00f3n de correo electr\u00f3nico\" \/> <\/span> <\/div>\t\t\t\t\t\t\t\t\t\t\t\t\t\t\t<\/div>\r\n\t\t\t\t\t\t\t\t\t\t\t\t\t\t\t\t\t\t\t\t\t\t\t<\/div>\r\n\t\t\t\t\t\t\t\t\t\t\t\t\t\t\t<\/div>\r\n\t\t\t\t\t\t\t\t\t\t<div class='ur-form-row'>\r\n\t\t\t\t\t\t\t\t\t\t\t\t\t\t\t\t<div class=\"ur-form-grid ur-grid-1\"\r\n\t\t\t\t\t\t\t\t\t\t\t style=\"width:48%\">\r\n\t\t\t\t\t\t\t\t\t\t\t\t\t\t\t\t\t\t\t\t\t\t\t\t<div class=\"ur-field-item field-user_pass\">\r\n\t\t\t\t\t\t\t\t\t\t\t\t\t<div class=\"form-row validate-required hide_show_password\" id=\"user_pass_field\" data-priority=\"\"><label for=\"user_pass\" class=\"ur-label\">Contrase\u00f1a <abbr class=\"required\" title=\"required\">*<\/abbr><\/label> <span class=\"input-wrapper\"> <span class=\"password-input-group input-form-field-icons\"><input data-rules=\"\" data-id=\"user_pass\" type=\"password\" class=\"input-text  input-password ur-frontend-field  \" name=\"user_pass\" id=\"user_pass\" placeholder=\"\"  value=\"\" required=\"required\" data-label=\"Contrase\u00f1a\" \/><\/span> <\/span> <\/div>\t\t\t\t\t\t\t\t\t\t\t\t\t\t\t<\/div>\r\n\t\t\t\t\t\t\t\t\t\t\t\t\t\t\t\t\t\t\t\t\t\t\t<\/div>\r\n\t\t\t\t\t\t\t\t\t\t\t\t\t\t\t\t\t\t\t<div class=\"ur-form-grid ur-grid-2\"\r\n\t\t\t\t\t\t\t\t\t\t\t style=\"width:48%\">\r\n\t\t\t\t\t\t\t\t\t\t\t\t\t\t\t\t\t\t\t\t\t\t\t\t<div class=\"ur-field-item field-user_confirm_password\">\r\n\t\t\t\t\t\t\t\t\t\t\t\t\t<div class=\"form-row validate-required hide_show_password\" id=\"user_confirm_password_field\" data-priority=\"\"><label for=\"user_confirm_password\" class=\"ur-label\">Confirme la contrase\u00f1a <abbr class=\"required\" title=\"required\">*<\/abbr><\/label> <span class=\"input-wrapper\"> <span class=\"password-input-group input-form-field-icons\"><input data-rules=\"\" data-id=\"user_confirm_password\" type=\"password\" class=\"input-text  input-password ur-frontend-field  \" name=\"user_confirm_password\" id=\"user_confirm_password\" placeholder=\"\"  value=\"\" required=\"required\" data-label=\"Confirme la contrase\u00f1a\" \/><\/span> <\/span> <\/div>\t\t\t\t\t\t\t\t\t\t\t\t\t\t\t<\/div>\r\n\t\t\t\t\t\t\t\t\t\t\t\t\t\t\t\t\t\t\t\t\t\t\t<\/div>\r\n\t\t\t\t\t\t\t\t\t\t\t\t\t\t\t<\/div>\r\n\t\t\t\t\t\t\t\t\t\t<div class='ur-form-row'>\r\n\t\t\t\t\t\t\t\t\t\t\t\t\t\t\t\t<div class=\"ur-form-grid ur-grid-1\"\r\n\t\t\t\t\t\t\t\t\t\t\t style=\"width:48%\">\r\n\t\t\t\t\t\t\t\t\t\t\t\t\t\t\t\t\t\t\t\t\t\t\t\t<div class=\"ur-field-item field-text\">\r\n\t\t\t\t\t\t\t\t\t\t\t\t\t<div class=\"form-row validate-required\" id=\"input_box_nome_field\" data-priority=\"\" ><label for=\"input_box_nome\" class=\"ur-label\">Nombre <abbr class=\"required\" title=\"required\">*<\/abbr><\/label> <span class=\"input-wrapper\"> <input  data-rules=\"\" data-id=\"input_box_nome\" type=\"text\" class=\"input-text   input-text ur-frontend-field  \" name=\"input_box_nome\" id=\"input_box_nome\" placeholder=\"\"  value=\"\" required=\"required\" data-label=\"Nombre\" maxlength=\"20\" \/> <\/span> <\/div>\t\t\t\t\t\t\t\t\t\t\t\t\t\t\t<\/div>\r\n\t\t\t\t\t\t\t\t\t\t\t\t\t\t\t\t\t\t\t\t\t\t\t<\/div>\r\n\t\t\t\t\t\t\t\t\t\t\t\t\t\t\t\t\t\t\t<div class=\"ur-form-grid ur-grid-2\"\r\n\t\t\t\t\t\t\t\t\t\t\t style=\"width:48%\">\r\n\t\t\t\t\t\t\t\t\t\t\t\t\t\t\t\t\t\t\t\t\t\t\t\t<div class=\"ur-field-item field-text\">\r\n\t\t\t\t\t\t\t\t\t\t\t\t\t<div class=\"form-row validate-required\" id=\"input_box_cognome_field\" data-priority=\"\" ><label for=\"input_box_cognome\" class=\"ur-label\">Apellido <abbr class=\"required\" title=\"required\">*<\/abbr><\/label> <span class=\"input-wrapper\"> <input  data-rules=\"\" data-id=\"input_box_cognome\" type=\"text\" class=\"input-text   input-text ur-frontend-field  \" name=\"input_box_cognome\" id=\"input_box_cognome\" placeholder=\"\"  value=\"\" required=\"required\" data-label=\"Apellido\" maxlength=\"20\" \/> <\/span> <\/div>\t\t\t\t\t\t\t\t\t\t\t\t\t\t\t<\/div>\r\n\t\t\t\t\t\t\t\t\t\t\t\t\t\t\t\t\t\t\t\t\t\t\t<\/div>\r\n\t\t\t\t\t\t\t\t\t\t\t\t\t\t\t<\/div>\r\n\t\t\t\t\t\t\t\t\t\t<div class='ur-form-row'>\r\n\t\t\t\t\t\t\t\t\t\t\t\t\t\t\t\t<div class=\"ur-form-grid ur-grid-1\"\r\n\t\t\t\t\t\t\t\t\t\t\t style=\"width:48%\">\r\n\t\t\t\t\t\t\t\t\t\t\t\t\t\t\t\t\t\t\t\t\t\t\t\t<div class=\"ur-field-item field-text\">\r\n\t\t\t\t\t\t\t\t\t\t\t\t\t<div class=\"form-row validate-required\" id=\"input_box_azienda_field\" data-priority=\"\" ><label for=\"input_box_azienda\" class=\"ur-label\">Empresa <abbr class=\"required\" title=\"required\">*<\/abbr><\/label> <span class=\"input-wrapper\"> <input  data-rules=\"\" data-id=\"input_box_azienda\" type=\"text\" class=\"input-text   input-text ur-frontend-field  \" name=\"input_box_azienda\" id=\"input_box_azienda\" placeholder=\"\"  value=\"\" required=\"required\" data-label=\"Empresa\" maxlength=\"20\" \/> <\/span> <\/div>\t\t\t\t\t\t\t\t\t\t\t\t\t\t\t<\/div>\r\n\t\t\t\t\t\t\t\t\t\t\t\t\t\t\t\t\t\t\t\t\t\t\t<\/div>\r\n\t\t\t\t\t\t\t\t\t\t\t\t\t\t\t\t\t\t\t<div class=\"ur-form-grid ur-grid-2\"\r\n\t\t\t\t\t\t\t\t\t\t\t style=\"width:48%\">\r\n\t\t\t\t\t\t\t\t\t\t\t\t\t\t\t\t\t\t\t\t\t\t\t\t<div class=\"ur-field-item field-text\">\r\n\t\t\t\t\t\t\t\t\t\t\t\t\t<div class=\"form-row validate-required\" id=\"input_box_telefono_field\" data-priority=\"\" ><label for=\"input_box_telefono\" class=\"ur-label\">Tel\u00e9fono <abbr class=\"required\" title=\"required\">*<\/abbr><\/label> <span class=\"input-wrapper\"> <input  data-rules=\"\" data-id=\"input_box_telefono\" type=\"text\" class=\"input-text   input-text ur-frontend-field  \" name=\"input_box_telefono\" id=\"input_box_telefono\" placeholder=\"\"  value=\"\" required=\"required\" data-label=\"Tel\u00e9fono\" maxlength=\"20\" \/> <\/span> <\/div>\t\t\t\t\t\t\t\t\t\t\t\t\t\t\t<\/div>\r\n\t\t\t\t\t\t\t\t\t\t\t\t\t\t\t\t\t\t\t\t\t\t\t<\/div>\r\n\t\t\t\t\t\t\t\t\t\t\t\t\t\t\t<\/div>\r\n\t\t\t\t\t\t\t\t\t\t<div class='ur-form-row'>\r\n\t\t\t\t\t\t\t\t\t\t\t\t\t\t\t\t<div class=\"ur-form-grid ur-grid-1\"\r\n\t\t\t\t\t\t\t\t\t\t\t style=\"width:99%\">\r\n\t\t\t\t\t\t\t\t\t\t\t\t\t\t\t\t\t\t\t\t\t\t\t\t<div class=\"ur-field-item field-privacy_policy\">\r\n\t\t\t\t\t\t\t\t\t\t\t\t\t<div class=\"form-row validate-required\" id=\"privacy_policy_registrazione_field\" data-priority=\"\" ><label class=\"ur-label checkbox\" required=\"required\" data-label=\"Informaci\u00f3n sobre tratamiento de datos\">\n\t\t\t\t\t\t\t<input data-rules=\"\" data-id=\"privacy_policy_registrazione\" required=\"required\" data-label=\"Informaci\u00f3n sobre tratamiento de datos\" data-value=\"\" type=\"checkbox\" class=\"input-checkbox ur-frontend-field \" name=\"privacy_policy_registrazione\" id=\"privacy_policy_registrazione\" value=\"1\"  \/> Informaci\u00f3n sobre tratamiento de datos <abbr class=\"required\" title=\"required\">*<\/abbr><\/label><span class=\"description\">Informaci\u00f3n sobre tratamiento de datos <a href='https:\/\/www.iubenda.com\/privacy-policy\/54511567\/legal' target='_blank'>Pol\u00edtica de privacidad  y <a href='https:\/\/www.iubenda.com\/privacy-policy\/54511567\/cookie-policy' target='_blank'>Pol\u00edtica de cookies<br>\nEn relaci\u00f3n con la informaci\u00f3n, expreso mi consentimiento para el tratamiento de mis datos personales \u00fanicamente con fines relacionados con la gesti\u00f3n de las actividades para las que se ha autorizado su emisi\u00f3n.<br>Responsable del tratamiento: MIG S.r.l.\n<br><br>\nSi ya se ha puesto en contacto con nosotros y desea retirar su consentimiento para el tratamiento de sus datos personales, escriba a <a href='mailto:mig@migsrl.it'>mig@migsrl.it. Procederemos a la revocaci\u00f3n lo antes posible<\/span><\/div>\t\t\t\t\t\t\t\t\t\t\t\t\t\t\t<\/div>\r\n\t\t\t\t\t\t\t\t\t\t\t\t\t\t\t\t\t\t\t\t\t\t\t<\/div>\r\n\t\t\t\t\t\t\t\t\t\t\t\t\t\t\t<\/div>\r\n\t\t\t\t\r\n                \r\n\t\t\t\t\t\t\t\t\t\t<div class=\"ur-button-container \" >\r\n\t\t\t\t\t\t\r\n\t\t\t\t\t\t<button type=\"submit\" class=\"btn button ur-submit-button submit_registration_button \">\r\n\t\t\t\t\t\t\t<span><\/span>\r\n\r\n                            Enviar                            \t\t\t\t\t\t<\/button>\r\n\r\n\t\t\t\t\t\t\t\t\t\t\t<\/div>\r\n                    <div class=\"spacer_s\"><\/div>\r\n\t\t\t\t\t\r\n\t\t\t<div style=\"clear:both\"><\/div>\r\n\t\t\t<input type=\"hidden\" name=\"ur-user-form-id\" value=\"2474\"\/>\r\n\t\t\t<input type=\"hidden\" name=\"ur-redirect-url\" value=\"\"\/>\r\n\t\t\t<input type=\"hidden\" id=\"ur_frontend_form_nonce\" name=\"ur_frontend_form_nonce\" value=\"519a2036c7\" \/>\r\n\t\t\t\t\t<\/form>\r\n\r\n\t\t<div style=\"clear:both\"><\/div>\r\n\t<\/div>\r\n\n","protected":false},"excerpt":{"rendered":"","protected":false},"author":1,"featured_media":2708,"parent":0,"menu_order":0,"comment_status":"closed","ping_status":"closed","template":"page_registrazione.php","meta":{"footnotes":""},"categories":[],"tags":[],"class_list":["post-2475","page","type-page","status-publish","has-post-thumbnail","hentry"],"yoast_head":"<!-- This site is optimized with the Yoast SEO plugin v25.8 - https:\/\/yoast.com\/wordpress\/plugins\/seo\/ -->\n<title>Registro de usuarios - Mig S.r.l.<\/title>\n<meta name=\"robots\" content=\"noindex, follow\" \/>\n<meta property=\"og:locale\" content=\"es_ES\" \/>\n<meta property=\"og:type\" content=\"article\" \/>\n<meta property=\"og:title\" content=\"Registro de usuarios - Mig S.r.l.\" \/>\n<meta property=\"og:url\" content=\"https:\/\/www.migsrl.it\/es\/registro-de-usuarios\/\" \/>\n<meta property=\"og:site_name\" content=\"Mig S.r.l.\" \/>\n<meta property=\"article:modified_time\" content=\"2021-02-01T13:55:39+00:00\" \/>\n<meta property=\"og:image\" content=\"https:\/\/www.migsrl.it\/wp-content\/uploads\/2020\/03\/19L0902-1.jpg\" \/>\n\t<meta property=\"og:image:width\" content=\"1600\" \/>\n\t<meta property=\"og:image:height\" content=\"842\" \/>\n\t<meta property=\"og:image:type\" content=\"image\/jpeg\" \/>\n<meta name=\"twitter:card\" content=\"summary_large_image\" \/>\n<script type=\"application\/ld+json\" class=\"yoast-schema-graph\">{\"@context\":\"https:\/\/schema.org\",\"@graph\":[{\"@type\":\"WebPage\",\"@id\":\"https:\/\/www.migsrl.it\/es\/registro-de-usuarios\/\",\"url\":\"https:\/\/www.migsrl.it\/es\/registro-de-usuarios\/\",\"name\":\"Registro de usuarios - Mig S.r.l.\",\"isPartOf\":{\"@id\":\"https:\/\/www.migsrl.it\/es\/#website\"},\"primaryImageOfPage\":{\"@id\":\"https:\/\/www.migsrl.it\/es\/registro-de-usuarios\/#primaryimage\"},\"image\":{\"@id\":\"https:\/\/www.migsrl.it\/es\/registro-de-usuarios\/#primaryimage\"},\"thumbnailUrl\":\"https:\/\/www.migsrl.it\/wp-content\/uploads\/2020\/03\/19L0902-1.jpg\",\"datePublished\":\"2020-03-09T14:09:19+00:00\",\"dateModified\":\"2021-02-01T13:55:39+00:00\",\"breadcrumb\":{\"@id\":\"https:\/\/www.migsrl.it\/es\/registro-de-usuarios\/#breadcrumb\"},\"inLanguage\":\"es\",\"potentialAction\":[{\"@type\":\"ReadAction\",\"target\":[\"https:\/\/www.migsrl.it\/es\/registro-de-usuarios\/\"]}]},{\"@type\":\"ImageObject\",\"inLanguage\":\"es\",\"@id\":\"https:\/\/www.migsrl.it\/es\/registro-de-usuarios\/#primaryimage\",\"url\":\"https:\/\/www.migsrl.it\/wp-content\/uploads\/2020\/03\/19L0902-1.jpg\",\"contentUrl\":\"https:\/\/www.migsrl.it\/wp-content\/uploads\/2020\/03\/19L0902-1.jpg\",\"width\":1600,\"height\":842},{\"@type\":\"BreadcrumbList\",\"@id\":\"https:\/\/www.migsrl.it\/es\/registro-de-usuarios\/#breadcrumb\",\"itemListElement\":[{\"@type\":\"ListItem\",\"position\":1,\"name\":\"Home\",\"item\":\"https:\/\/www.migsrl.it\/es\/\"},{\"@type\":\"ListItem\",\"position\":2,\"name\":\"Registro de usuarios\"}]},{\"@type\":\"WebSite\",\"@id\":\"https:\/\/www.migsrl.it\/es\/#website\",\"url\":\"https:\/\/www.migsrl.it\/es\/\",\"name\":\"Becom | Agenzia di consulenza in marketing strategico e organizzazione d\u2019impresa\",\"description\":\"Tecnolog\u00eda, experiencia, innovaci\u00f3n, eficiencia y competencias al servicio de todos sus proyectos\",\"potentialAction\":[{\"@type\":\"SearchAction\",\"target\":{\"@type\":\"EntryPoint\",\"urlTemplate\":\"https:\/\/www.migsrl.it\/es\/?s={search_term_string}\"},\"query-input\":{\"@type\":\"PropertyValueSpecification\",\"valueRequired\":true,\"valueName\":\"search_term_string\"}}],\"inLanguage\":\"es\"}]}<\/script>\n<!-- \/ Yoast SEO plugin. -->","yoast_head_json":{"title":"Registro de usuarios - Mig S.r.l.","robots":{"index":"noindex","follow":"follow"},"og_locale":"es_ES","og_type":"article","og_title":"Registro de usuarios - Mig S.r.l.","og_url":"https:\/\/www.migsrl.it\/es\/registro-de-usuarios\/","og_site_name":"Mig S.r.l.","article_modified_time":"2021-02-01T13:55:39+00:00","og_image":[{"width":1600,"height":842,"url":"https:\/\/www.migsrl.it\/wp-content\/uploads\/2020\/03\/19L0902-1.jpg","type":"image\/jpeg"}],"twitter_card":"summary_large_image","schema":{"@context":"https:\/\/schema.org","@graph":[{"@type":"WebPage","@id":"https:\/\/www.migsrl.it\/es\/registro-de-usuarios\/","url":"https:\/\/www.migsrl.it\/es\/registro-de-usuarios\/","name":"Registro de usuarios - Mig S.r.l.","isPartOf":{"@id":"https:\/\/www.migsrl.it\/es\/#website"},"primaryImageOfPage":{"@id":"https:\/\/www.migsrl.it\/es\/registro-de-usuarios\/#primaryimage"},"image":{"@id":"https:\/\/www.migsrl.it\/es\/registro-de-usuarios\/#primaryimage"},"thumbnailUrl":"https:\/\/www.migsrl.it\/wp-content\/uploads\/2020\/03\/19L0902-1.jpg","datePublished":"2020-03-09T14:09:19+00:00","dateModified":"2021-02-01T13:55:39+00:00","breadcrumb":{"@id":"https:\/\/www.migsrl.it\/es\/registro-de-usuarios\/#breadcrumb"},"inLanguage":"es","potentialAction":[{"@type":"ReadAction","target":["https:\/\/www.migsrl.it\/es\/registro-de-usuarios\/"]}]},{"@type":"ImageObject","inLanguage":"es","@id":"https:\/\/www.migsrl.it\/es\/registro-de-usuarios\/#primaryimage","url":"https:\/\/www.migsrl.it\/wp-content\/uploads\/2020\/03\/19L0902-1.jpg","contentUrl":"https:\/\/www.migsrl.it\/wp-content\/uploads\/2020\/03\/19L0902-1.jpg","width":1600,"height":842},{"@type":"BreadcrumbList","@id":"https:\/\/www.migsrl.it\/es\/registro-de-usuarios\/#breadcrumb","itemListElement":[{"@type":"ListItem","position":1,"name":"Home","item":"https:\/\/www.migsrl.it\/es\/"},{"@type":"ListItem","position":2,"name":"Registro de usuarios"}]},{"@type":"WebSite","@id":"https:\/\/www.migsrl.it\/es\/#website","url":"https:\/\/www.migsrl.it\/es\/","name":"Becom | Agenzia di consulenza in marketing strategico e organizzazione d\u2019impresa","description":"Tecnolog\u00eda, experiencia, innovaci\u00f3n, eficiencia y competencias al servicio de todos sus proyectos","potentialAction":[{"@type":"SearchAction","target":{"@type":"EntryPoint","urlTemplate":"https:\/\/www.migsrl.it\/es\/?s={search_term_string}"},"query-input":{"@type":"PropertyValueSpecification","valueRequired":true,"valueName":"search_term_string"}}],"inLanguage":"es"}]}},"_links":{"self":[{"href":"https:\/\/www.migsrl.it\/es\/wp-json\/wp\/v2\/pages\/2475","targetHints":{"allow":["GET"]}}],"collection":[{"href":"https:\/\/www.migsrl.it\/es\/wp-json\/wp\/v2\/pages"}],"about":[{"href":"https:\/\/www.migsrl.it\/es\/wp-json\/wp\/v2\/types\/page"}],"author":[{"embeddable":true,"href":"https:\/\/www.migsrl.it\/es\/wp-json\/wp\/v2\/users\/1"}],"replies":[{"embeddable":true,"href":"https:\/\/www.migsrl.it\/es\/wp-json\/wp\/v2\/comments?post=2475"}],"version-history":[{"count":2,"href":"https:\/\/www.migsrl.it\/es\/wp-json\/wp\/v2\/pages\/2475\/revisions"}],"predecessor-version":[{"id":2764,"href":"https:\/\/www.migsrl.it\/es\/wp-json\/wp\/v2\/pages\/2475\/revisions\/2764"}],"wp:featuredmedia":[{"embeddable":true,"href":"https:\/\/www.migsrl.it\/es\/wp-json\/wp\/v2\/media\/2708"}],"wp:attachment":[{"href":"https:\/\/www.migsrl.it\/es\/wp-json\/wp\/v2\/media?parent=2475"}],"wp:term":[{"taxonomy":"category","embeddable":true,"href":"https:\/\/www.migsrl.it\/es\/wp-json\/wp\/v2\/categories?post=2475"},{"taxonomy":"post_tag","embeddable":true,"href":"https:\/\/www.migsrl.it\/es\/wp-json\/wp\/v2\/tags?post=2475"}],"curies":[{"name":"wp","href":"https:\/\/api.w.org\/{rel}","templated":true}]}}